{"id":2890,"date":"2025-02-13T16:33:08","date_gmt":"2025-02-13T15:33:08","guid":{"rendered":"http:\/\/dev.trigon.at.w020246e.kasserver.com\/success-stories\/"},"modified":"2025-05-22T17:15:27","modified_gmt":"2025-05-22T15:15:27","slug":"success-stories","status":"publish","type":"page","link":"https:\/\/www.trigon.at\/en\/success-stories\/","title":{"rendered":"Success Stories"},"content":{"rendered":"    <div id=\"textbildheader-block_9e5e0c4dc833cefc976680f75b283eb5\" class=\"content-row content-row-textbildheader trans  textbildheader \">\n        <div class=\"content-row-inner\">\n            <div class=\"content-row-inner-center-full\">\n\n                <div class=\"innerpadding-30\">\n                    <div class=\"text-part\">\n                        <div class=\"tagline\">\n                         <span class=\"tagItem\">Success Stories<\/span>\n                        <\/div>\n                                            <h1 class=\"mainHL animateText\"><i>Success<\/i> <i>Stories:<\/i> Strong Projects. Strong Results.<\/h1>\n                                                                <div class=\"teasertext\">Success that speaks for itself \u2013 Trigon supports companies on their path to success. Discover how we turn goals into measurable outcomes.<\/div>\n                    \n                                        <\/div>\n                    <div class=\"image-part\">\n                                                    <img decoding=\"async\" src=\"https:\/\/www.trigon.at\/wp-content\/uploads\/2025\/05\/success_header.jpg\" alt=\"\" class=\"img\">\n                                                <img decoding=\"async\" src=\"https:\/\/www.trigon.at\/wp-content\/themes\/trigon\/project\/img\/headerimagmask.svg\" alt=\"\" class=\"img-headerimagmask\">\n                    <\/div>\n                <\/div>\n                <div class=\"deviderbox\">\n                    <img decoding=\"async\" src=\"https:\/\/www.trigon.at\/wp-content\/themes\/trigon\/project\/img\/icon-devider.png\" alt=\"\" class=\"img-devider\">\n                <\/div>\n            <\/div>\n        <\/div>\n    <\/div>\n\n\n    <div id=\"accordion-block_d37788ae117a8f42771df380abceef80\" class=\"content-row content-row-accordion trans accordion \">\n        <div class=\"content-row-inner\">\n            <div class=\"content-row-inner-wrapper  bg-greylight \">\n                <div class=\"content-row-inner-center-standard\">\n                                                                <div class=\"textbox text-input \">\n                            For over 40 years, we have been accompanying individuals, teams and organizations from a wide range of industries on a wide variety of issues within the framework of their development. Our clients include international corporations as well as small and medium-sized enterprises, start-ups, public and non-profit organizations and private individuals. You are looking for temporary or long-term support from Trigon, tailor-made and individual.                        <\/div>\n                    \n                                            <div class=\"accordiontitle\">\n                            <h3 class=\"bold\">Sectors we work in<\/h3>\n                        <\/div>\n                                                                <div class=\"accordionbox\">\n                                                            <div class=\"accordionrow\">\n                                                                            <div class=\"accordionrow-titel fontsize-24 fontweight-medium\">Industry, Logistics, and Hi-Tech<\/div>\n                                                                                                                <div class=\"accordionrow-text  text-input\">\n                                            <div class=\"textbox1\"><ul>\n<li>AECOM<\/li>\n<li>Agrana<\/li>\n<li>Alcatel SEL (D)<\/li>\n<li>Andritz<\/li>\n<li>Commend<\/li>\n<li>ecop Technologies<\/li>\n<li>EUnet<\/li>\n<li>Magna<\/li>\n<li>Miele<\/li>\n<li>nexus \/ easyname<\/li>\n<li>Robert Bosch<\/li>\n<li>Skidata<\/li>\n<li>woom Bikes<\/li>\n<\/ul>\n<\/div>\n                                            <div class=\"textbox2\"><ul>\n<li>Agrana<\/li>\n<li>Andritz AG<\/li>\n<li>Banner Batterien<\/li>\n<li>BIS Bilfinger Berger<\/li>\n<li>BMW Group<\/li>\n<li>BMW M\u00fcnchen<\/li>\n<li>Boehringer-Ingelheim<\/li>\n<li>B\u00f6hler<\/li>\n<li>Borealis<\/li>\n<li>Brauunion<\/li>\n<li>BSH Bosch Siemens Hausger\u00e4te<\/li>\n<li>Contintental AG<\/li>\n<li>Daimler AG<\/li>\n<li>Fachverband der \u00d6sterreichischen Holzindustrie<\/li>\n<li>Fronius<\/li>\n<li>Georg Fischer<\/li>\n<li>Geroldinger<\/li>\n<li>Grintec Graz<\/li>\n<li>Infineon \u00d6sterreich<\/li>\n<li>J\u00e4gersberger<\/li>\n<li>Lenzing<\/li>\n<li>Liebherr<\/li>\n<li>Magna<\/li>\n<li>Mayr-Melnhof<\/li>\n<li>Mill Gratkorn<\/li>\n<li>Mondi Packaging<\/li>\n<li>Novartis Pharma<\/li>\n<li>OMV<\/li>\n<li>Preis Group<\/li>\n<li>REIFF GesmbH<\/li>\n<li>Rhomberg Bau GmbH<\/li>\n<li>Roche<\/li>\n<li>Sandoz Pharma<\/li>\n<li>Sappi Global<\/li>\n<li>Semperit<\/li>\n<li>Siemens<\/li>\n<li>STRABAG<\/li>\n<li>Swarovski<\/li>\n<li>Swiss Steel<\/li>\n<li>Swisslog<\/li>\n<li>TAG Trans Austria Gasleitung<\/li>\n<li>URSA<\/li>\n<li>Verbund<\/li>\n<li>voestalpine<\/li>\n<li>voestalpine Draht<\/li>\n<li>V\u00f6lkl Metallbau Leoben<\/li>\n<\/ul>\n<\/div>\n                                                                                    <\/div>\n                                    \n\n\n                                <\/div>\n                                                            <div class=\"accordionrow\">\n                                                                            <div class=\"accordionrow-titel fontsize-24 fontweight-medium\">Services and IT<\/div>\n                                                                                                                <div class=\"accordionrow-text  text-input\">\n                                            <div class=\"textbox1\"><ul>\n<li>ADAC<\/li>\n<li>Allianz Leben<\/li>\n<li>Allianz Suisse<\/li>\n<li>AMS O\u00d6<\/li>\n<li>Archiversum<\/li>\n<li>ASFINAG<\/li>\n<li>Austrian Airlines<\/li>\n<li>Basler &amp; Hofmann<\/li>\n<li>BLS (CH)<\/li>\n<li>bwin<\/li>\n<li>Casinos Austria<\/li>\n<li>City Aiport Train (CAT)<\/li>\n<li>COOP Himmelblau<\/li>\n<li>DIW Instandhaltung<\/li>\n<li>Donau Auen<\/li>\n<li>Family Austria<\/li>\n<li>Flughafen Graz<\/li>\n<li>Flughafen Wien<\/li>\n<li>Fonds Soziales Wien<\/li>\n<li>Fraport<\/li>\n<li>Freie Gemeinschaftsbank<\/li>\n<li>Hutchison<\/li>\n<li>IEF Service<\/li>\n<li>IKB \u2013 Innsbrucker Kommunalbetriebe<\/li>\n<li>IKK Kaufmann-Kriebernegg ZT<\/li>\n<li>Kinderfreunde O\u00d6<\/li>\n<li>KPMG Linz<\/li>\n<li>Lebenshilfe SD<\/li>\n<li>Mediaprint<\/li>\n<li>mobilkom austria<\/li>\n<li>NextiraOne<\/li>\n<li>\u00d6BB Personenverkehr<\/li>\n<\/ul>\n<\/div>\n                                            <div class=\"textbox2\"><ul>\n<li>\u00d6sterreichische Bundesbahnen (OeBB)<\/li>\n<li>\u00d6sterreichischer Bundesverlag\/Schulbuchverlag<\/li>\n<li>Pro Holz \u00d6sterreich<\/li>\n<li>Quality Austria<\/li>\n<li>Raiffeisen Campus<\/li>\n<li>Raiffeisen Software Gesellschaft<\/li>\n<li>Rubikon Werbeagentur<\/li>\n<li>Schweizer Post<\/li>\n<li>Schweizer Radio und Fernsehen<\/li>\n<li>Schweizerisches Sozialarchiv (CH)<\/li>\n<li>Sprachenzentrum (CH)<\/li>\n<li>Stadtwerke Kapfenberg<\/li>\n<li>Stadtwerke Klagenfurt<\/li>\n<li>SVA Schaffhausen (CH)<\/li>\n<li>Swisscom<\/li>\n<li>TBP Engineering<\/li>\n<li>Telekom<\/li>\n<li>TEZ \u2013 Zentrum f\u00fcr Tageseltern<\/li>\n<li>TIWAG<\/li>\n<li>T-Mobile<\/li>\n<li>Tourismusverband Velden<\/li>\n<li>UC4<\/li>\n<li>Uniqua<\/li>\n<li>Unito<\/li>\n<li>Universit\u00e4t Z\u00fcrich<\/li>\n<li>Vereinigung \u00d6sterreichischer E-Werke<\/li>\n<li>Vienna International Hotelmanagement<\/li>\n<li>Wiener Stadtwerke<\/li>\n<li>Wincor Nixdorf<\/li>\n<li>Wirtschaftsagentur Wien<\/li>\n<li>W\u00f6rgl<\/li>\n<li>Z\u00fcrcher Kantonalbank<\/li>\n<\/ul>\n<\/div>\n                                                                                    <\/div>\n                                    \n\n\n                                <\/div>\n                                                            <div class=\"accordionrow\">\n                                                                            <div class=\"accordionrow-titel fontsize-24 fontweight-medium\">Finance<\/div>\n                                                                                                                <div class=\"accordionrow-text  text-input\">\n                                            <div class=\"textbox1\"><ul>\n<li>ABV<\/li>\n<li>Bank Austria<\/li>\n<li>Bank Burgenland<\/li>\n<li>Bawag PSK<\/li>\n<li>Commerzbank<\/li>\n<li>Deniz Bank<\/li>\n<li>Deutsche Bank<\/li>\n<li>Erste Bank &amp; Erste Group<\/li>\n<li>GLS Bank<\/li>\n<li>Grazer Wechselseitige<\/li>\n<li>Hypo Tirol<\/li>\n<li>K\u00e4rntner Sparkasse AG<\/li>\n<\/ul>\n<\/div>\n                                            <div class=\"textbox2\"><ul>\n<li>KPMG<\/li>\n<li>Nieder\u00f6sterreichische Versicherung<\/li>\n<li>\u00d6sterreichische Beamtenversicherung<\/li>\n<li>\u00d6sterreichische Nationalbank (OeNB)<\/li>\n<li>Raiffeisen International<\/li>\n<li>Raiffeisen Zentralbank<\/li>\n<li>Raiffeisenlandesbank O\u00d6<\/li>\n<li>Salzburger Sparkasse Bank AG<\/li>\n<li>S-Bausparkasse<\/li>\n<li>Steierm\u00e4rkische Sparkasse<\/li>\n<li>Volksbank Wien AG<\/li>\n<li>Volksbanken International<\/li>\n<\/ul>\n<\/div>\n                                                                                    <\/div>\n                                    \n\n\n                                <\/div>\n                                                            <div class=\"accordionrow\">\n                                                                            <div class=\"accordionrow-titel fontsize-24 fontweight-medium\">Trade and Consumer Products<\/div>\n                                                                                                                <div class=\"accordionrow-text  text-input\">\n                                            <div class=\"textbox1\"><ul>\n<li>Adventure Catering<\/li>\n<li>ARZ<\/li>\n<li>Aspiag<\/li>\n<li>baumax<\/li>\n<li>Coca Cola Hellenic<\/li>\n<li>coopNatura<\/li>\n<li>CVUA-RRW\/Krefeld<\/li>\n<li>Delta Bauholding<\/li>\n<li>dm drogeriemarkt<\/li>\n<li>Drei<\/li>\n<li>Frischeis<\/li>\n<li>IKEA<\/li>\n<li>IKT Linz<\/li>\n<li>Intersport Eybl<\/li>\n<li>Metro<\/li>\n<\/ul>\n<\/div>\n                                            <div class=\"textbox2\"><ul>\n<li>Mpreis<\/li>\n<li>mundipharma<\/li>\n<li>Neckermann<\/li>\n<li>Niedermayer<\/li>\n<li>Penny<\/li>\n<li>Red Bull<\/li>\n<li>Rewe International<\/li>\n<li>Senna<\/li>\n<li>SES<\/li>\n<li>Skandia<\/li>\n<li>SPAR<\/li>\n<li>Sport 2000<\/li>\n<li>UNITO<\/li>\n<li>V\u00f6gele<\/li>\n<li>Weleda<\/li>\n<\/ul>\n<\/div>\n                                                                                    <\/div>\n                                    \n\n\n                                <\/div>\n                                                            <div class=\"accordionrow\">\n                                                                            <div class=\"accordionrow-titel fontsize-24 fontweight-medium\">Health<\/div>\n                                                                                                                <div class=\"accordionrow-text  text-input\">\n                                            <div class=\"textbox1\"><ul>\n<li>AGES<\/li>\n<li>AKH Linz<\/li>\n<li>Alterszentren in St\u00e4fa Dietlikon Z\u00fcrich<\/li>\n<li>AUVA<\/li>\n<li>Besa Care AG (CH)<\/li>\n<li>Diakonissenkrankenhaus<\/li>\n<li>Felix Platter Spital Basel<\/li>\n<li>Gemeinschaftskrankenhaus Havelh\u00f6he Berlin<\/li>\n<li>Geriatrische Gesundheitszentren der Stadt Graz<\/li>\n<li>Hanusch-Krankenhaus<\/li>\n<li>Hospiz \u00d6sterreich<\/li>\n<li>KAGes \u2013 Krankenanstaltengesellschaft<\/li>\n<li>Kantonsspital Aarau (CH)<\/li>\n<li>Kantonsspital Baden<\/li>\n<li>Kepler Universit\u00e4tsklinikum Linz<\/li>\n<li>Klinik Arlesheim<\/li>\n<li>Klinikum Am Goldenen Steig<\/li>\n<li>Klinikum Austria<\/li>\n<li>Landeskliniken Nieder\u00f6sterreich<\/li>\n<\/ul>\n<\/div>\n                                            <div class=\"textbox2\"><ul>\n<li>Medizinische Universit\u00e4t Innsbruck<\/li>\n<li>Medizinische Universit\u00e4t Wien<\/li>\n<li>Memira Augenlaser<\/li>\n<li>M\u00fctter- und V\u00e4terberatung (CH)<\/li>\n<li>\u00d6BV<\/li>\n<li>\u00d6sterreichisches Hilfswerk f\u00fcr Taubblinde und hochgradig H\u00f6r- und Sehbehinderte (\u00d6HTB)<\/li>\n<li>Otto Bock Healthcare<\/li>\n<li>Paracelsus Medizinische Universit\u00e4t Salzburg<\/li>\n<li>PremiQaMed<\/li>\n<li>Psychosoziale Zentren Nieder\u00f6sterreich<\/li>\n<li>PVA<\/li>\n<li>SALK<\/li>\n<li>Salzburger Landeskliniken<\/li>\n<li>Sana<\/li>\n<li>Spitex(CH)<\/li>\n<li>Universit\u00e4tsspital Z\u00fcrich<\/li>\n<li>VAMED<\/li>\n<li>Wiener Gebietskrankenkasse<\/li>\n<li>Wiener Krankenanstaltenverbund<\/li>\n<\/ul>\n<\/div>\n                                                                                    <\/div>\n                                    \n\n\n                                <\/div>\n                                                            <div class=\"accordionrow\">\n                                                                            <div class=\"accordionrow-titel fontsize-24 fontweight-medium\">Social Profit<\/div>\n                                                                                                                <div class=\"accordionrow-text  text-input\">\n                                            <div class=\"textbox1\"><ul>\n<li>Amnesty International<\/li>\n<li>Bertelsmann Stiftung<\/li>\n<li>Caritas Aargau (Schweiz)<\/li>\n<li>Caritas Ober\u00f6sterreich<\/li>\n<li>Caritas Salzburg<\/li>\n<li>Demeter e.V.<\/li>\n<li>Diakonie<\/li>\n<li>Diakoniewerk Gallneukirchen<\/li>\n<li>Die Garten Tulln \u2013 Natur im Garten<\/li>\n<li>Evangelischer Entwicklungsdienst\/Berlin<\/li>\n<li>FAB O\u00d6<\/li>\n<li>Fonds Soziales Wien<\/li>\n<li>Frauenservice Graz<\/li>\n<li>Geriatrische Gesundheitszentren der Stadt Graz<\/li>\n<li>Greenpeace Schweiz<\/li>\n<li>Haus der Barmherzigkeit Integrationsteam (HABIT)<\/li>\n<li>Hohenfried e.V.<\/li>\n<li>iwi \u2013 Integration Wien<\/li>\n<li>JobAllianz<\/li>\n<li>Jugendliche und Erwachsene<\/li>\n<li>Katholische Aktion<\/li>\n<li>KFB O\u00d6<\/li>\n<li>Kolpinghaus<\/li>\n<li>Kuratorium Wiener Pensionistenheime<\/li>\n<li>Landes- Jugendheim Pottenstein<\/li>\n<\/ul>\n<\/div>\n                                            <div class=\"textbox2\"><ul>\n<li>Lebenshilfe<\/li>\n<li>Pro Juventute<\/li>\n<li>Psychosoziale Zentren GmbH.<\/li>\n<li>Rettet das Kind<\/li>\n<li>Rummelsberger Diakonie<\/li>\n<li>Schmetterling Cham (CH)<\/li>\n<li>Schul- Besch\u00e4ftigungs- und Wohnheime f\u00fcr handicapierte Kinder<\/li>\n<li>Schulen in Luzern Uster Z\u00fcrich<\/li>\n<li>SOMA Sozialm\u00e4rkte<\/li>\n<li>Sonnhalde Gempen (CH)<\/li>\n<li>SOS Kinderdorf International<\/li>\n<li>SOS Kinderd\u00f6rfer<\/li>\n<li>Stiftung Balm Rapperswil (CH)<\/li>\n<li>Stiftung B\u00fchl W\u00e4denswil Frankenthal Z\u00fcrich<\/li>\n<li>Stiftung Columban<\/li>\n<li>Stiftung Lindenbaum<\/li>\n<li>swissaid<\/li>\n<li>Verein f\u00fcr Konsumenteninformation<\/li>\n<li>Verein Neustart<\/li>\n<li>VertretungsNetz<\/li>\n<li>Vier Pfoten<\/li>\n<li>Volkshilfe<\/li>\n<li>Werkgemeinschaft Berlin-Brandenburg<\/li>\n<li>Zuger Werkstatt f\u00fcr Behinderte<\/li>\n<\/ul>\n<\/div>\n                                                                                    <\/div>\n                                    \n\n\n                                <\/div>\n                                                            <div class=\"accordionrow\">\n                                                                            <div class=\"accordionrow-titel fontsize-24 fontweight-medium\">Education<\/div>\n                                                                                                                <div class=\"accordionrow-text  text-input\">\n                                            <div class=\"textbox1\"><ul>\n<li>Akademie f\u00fcr Erwachsenenbildung (CH)<\/li>\n<li>bfi Ober\u00f6sterreich<\/li>\n<li>Berner Fachhochschule (CH)<\/li>\n<li>Coaching \u2013 Lehrgang f\u00fcr das Arbeitsmarktservice<\/li>\n<li>curaviva hsl (Luzern)<\/li>\n<li>FH Burgenland<\/li>\n<li>FH K\u00e4rnten<\/li>\n<li>Fachhochschule Nordwestschweiz<\/li>\n<li>FH Ober\u00f6sterreich<\/li>\n<li>FH St. P\u00f6lten<\/li>\n<li>FH Wien<\/li>\n<li>Hochschule f\u00fcr Kunst (Bern)<\/li>\n<li>ibis acam<\/li>\n<li>Interkantonale Hochschule f\u00fcr Heilp\u00e4dagogik (Winterthur)<\/li>\n<li>Jugend am Werk<\/li>\n<\/ul>\n<\/div>\n                                            <div class=\"textbox2\"><ul>\n<li>Kunstuniversit\u00e4t Graz<\/li>\n<li>Metaforum Berlin<\/li>\n<li>Movendo (Bern)<\/li>\n<li>P\u00e4dagogische Hochschule O\u00d6<\/li>\n<li>Sparkassen Akademie<\/li>\n<li>prachenzentrum (CH)<\/li>\n<li>Technische Universit\u00e4t Graz (A)<\/li>\n<li>Universit\u00e4t f\u00fcr Bodenkultur \u2013 BOKU<\/li>\n<li>Universit\u00e4t Graz<\/li>\n<li>Universit\u00e4t Tiflis<\/li>\n<li>Universit\u00e4t Witten-Herdecke<\/li>\n<li>Universit\u00e4t Z\u00fcrich<\/li>\n<li>VHS<\/li>\n<li>zhaw Berufskolleg L\u00fcttfeld (D)<\/li>\n<\/ul>\n<\/div>\n                                                                                    <\/div>\n                                    \n\n\n                                <\/div>\n                                                            <div class=\"accordionrow\">\n                                                                            <div class=\"accordionrow-titel fontsize-24 fontweight-medium\">Public Administration and Institutions<\/div>\n                                                                                                                <div class=\"accordionrow-text  text-input\">\n                                            <div class=\"textbox1\"><ul>\n<li>Amt der Salzburger Landesregierung<\/li>\n<li>Arbeiterkammer<\/li>\n<li>Arbeitsmarktservice \u00d6sterreich<\/li>\n<li>Austrocontrol<\/li>\n<li>aws \u2013 austria wirtschaftsservice<\/li>\n<li>Basel<\/li>\n<li>BHAG<\/li>\n<li>Bundeskanzleramt<\/li>\n<li>Bundesministerium des Inneren<\/li>\n<li>Bundesministerium f\u00fcr Finanzen<\/li>\n<li>Bundesministerium f\u00fcr Justiz<\/li>\n<li>Bundesrechenzentrum<\/li>\n<li>DEZA \u2013 Direktion f\u00fcr Entwicklung und<\/li>\n<li>Zusammenarbeit<\/li>\n<li>Die Gr\u00fcnen<\/li>\n<li>Dorfgemeinschaft Breitenfurt<\/li>\n<li>eNu-Energie- &amp; Umweltagentur<\/li>\n<li>Esterhazy Betriebe (A)<\/li>\n<li>Etat du VS<\/li>\n<li>FWF<\/li>\n<li>Gr\u00fcne O\u00d6<\/li>\n<li>Insolvenz-Entgeltsicherungs-Fonds<\/li>\n<li>Kammer f\u00fcr Arbeiter und Angestellte<\/li>\n<li>Kantonale Verwaltungen Aargau<\/li>\n<li>Land O\u00d6<\/li>\n<li>Landesregierung K\u00e4rnten<\/li>\n<li>Landesregierung Nieder\u00f6sterreich<\/li>\n<li>Landesregierung Ober\u00f6sterreich<\/li>\n<li>Landesregierung Steiermark \u2013 Stadtverwaltung<\/li>\n<li>Rotterdam \u2013 UNHCR<\/li>\n<\/ul>\n<\/div>\n                                            <div class=\"textbox2\"><ul>\n<li>Landsholding Burgenland<\/li>\n<li>Lentos<\/li>\n<li>Linz AG<\/li>\n<li>MA 23<\/li>\n<li>Magistrat der Stadt Salzburg<\/li>\n<li>Magistrat Linz<\/li>\n<li>Magistrat Wels<\/li>\n<li>\u00f6. Bundesministerium f\u00fcr Finanzen \u2013 Kanton Luzern<\/li>\n<li>\u00d6sterreichische Bundesforste<\/li>\n<li>Politisches Kolleg \u00d6VP<\/li>\n<li>Post<\/li>\n<li>Rat f\u00fcr Forschung und Technologieentwicklung der \u00d6sterreichischen Bundesregierung<\/li>\n<li>Schweizerische Bundesverwaltung<\/li>\n<li>Solothurn<\/li>\n<li>Stadt Graz<\/li>\n<li>Stadt Luzern<\/li>\n<li>Stadt Muri<\/li>\n<li>Stadt Ybbs<\/li>\n<li>Stadt Z\u00fcrich<\/li>\n<li>Stadt Illnau-Effretikon<\/li>\n<li>Stadtverwaltung Baden (CH)<\/li>\n<li>Standortagentur Tirol<\/li>\n<li>Steierm\u00e4rkische Landesregierung<\/li>\n<li>SVA Schaffhausen<\/li>\n<li>Verwaltungsakademie der Stadt Wien<\/li>\n<li>Wirtschaftskammer \u00d6sterreich<\/li>\n<li>Z\u00fcrich<\/li>\n<\/ul>\n<\/div>\n                                                                                    <\/div>\n                                    \n\n\n                                <\/div>\n                                                    <\/div>\n                                    <\/div>\n            <\/div>\n        <\/div>\n    <\/div>\n","protected":false},"excerpt":{"rendered":"","protected":false},"author":1,"featured_media":0,"parent":0,"menu_order":0,"comment_status":"closed","ping_status":"closed","template":"page-succsessstroies.php","meta":{"_acf_changed":false,"footnotes":""},"class_list":["post-2890","page","type-page","status-publish","hentry"],"acf":[],"yoast_head":"<!-- This site is optimized with the Yoast SEO plugin v27.4 - https:\/\/yoast.com\/product\/yoast-seo-wordpress\/ -->\n<title>Trigon Success Stories \u2013 Change That Works<\/title>\n<meta name=\"description\" content=\"Real-life cases from coaching, leadership &amp; transformation: how Trigon supports people and organizations through change.\" \/>\n<meta name=\"robots\" content=\"index, follow, max-snippet:-1, max-image-preview:large, max-video-preview:-1\" \/>\n<link rel=\"canonical\" href=\"https:\/\/www.trigon.at\/en\/success-stories\/\" \/>\n<meta property=\"og:locale\" content=\"en_US\" \/>\n<meta property=\"og:type\" content=\"article\" \/>\n<meta property=\"og:title\" content=\"Trigon Success Stories \u2013 Change That Works\" \/>\n<meta property=\"og:description\" content=\"Real-life cases from coaching, leadership &amp; transformation: how Trigon supports people and organizations through change.\" \/>\n<meta property=\"og:url\" content=\"https:\/\/www.trigon.at\/en\/success-stories\/\" \/>\n<meta property=\"og:site_name\" content=\"Trigon\" \/>\n<meta property=\"article:modified_time\" content=\"2025-05-22T15:15:27+00:00\" \/>\n<meta name=\"twitter:card\" content=\"summary_large_image\" \/>\n<script type=\"application\/ld+json\" class=\"yoast-schema-graph\">{\"@context\":\"https:\\\/\\\/schema.org\",\"@graph\":[{\"@type\":\"WebPage\",\"@id\":\"https:\\\/\\\/www.trigon.at\\\/en\\\/success-stories\\\/\",\"url\":\"https:\\\/\\\/www.trigon.at\\\/en\\\/success-stories\\\/\",\"name\":\"Trigon Success Stories \u2013 Change That Works\",\"isPartOf\":{\"@id\":\"https:\\\/\\\/www.trigon.at\\\/#website\"},\"datePublished\":\"2025-02-13T15:33:08+00:00\",\"dateModified\":\"2025-05-22T15:15:27+00:00\",\"description\":\"Real-life cases from coaching, leadership & transformation: how Trigon supports people and organizations through change.\",\"breadcrumb\":{\"@id\":\"https:\\\/\\\/www.trigon.at\\\/en\\\/success-stories\\\/#breadcrumb\"},\"inLanguage\":\"en-US\",\"potentialAction\":[{\"@type\":\"ReadAction\",\"target\":[\"https:\\\/\\\/www.trigon.at\\\/en\\\/success-stories\\\/\"]}]},{\"@type\":\"BreadcrumbList\",\"@id\":\"https:\\\/\\\/www.trigon.at\\\/en\\\/success-stories\\\/#breadcrumb\",\"itemListElement\":[{\"@type\":\"ListItem\",\"position\":1,\"name\":\"Startseite\",\"item\":\"https:\\\/\\\/www.trigon.at\\\/en\\\/\"},{\"@type\":\"ListItem\",\"position\":2,\"name\":\"Success Stories\"}]},{\"@type\":\"WebSite\",\"@id\":\"https:\\\/\\\/www.trigon.at\\\/#website\",\"url\":\"https:\\\/\\\/www.trigon.at\\\/\",\"name\":\"Trigon\",\"description\":\"\",\"potentialAction\":[{\"@type\":\"SearchAction\",\"target\":{\"@type\":\"EntryPoint\",\"urlTemplate\":\"https:\\\/\\\/www.trigon.at\\\/?s={search_term_string}\"},\"query-input\":{\"@type\":\"PropertyValueSpecification\",\"valueRequired\":true,\"valueName\":\"search_term_string\"}}],\"inLanguage\":\"en-US\"}]}<\/script>\n<!-- \/ Yoast SEO plugin. -->","yoast_head_json":{"title":"Trigon Success Stories \u2013 Change That Works","description":"Real-life cases from coaching, leadership & transformation: how Trigon supports people and organizations through change.","robots":{"index":"index","follow":"follow","max-snippet":"max-snippet:-1","max-image-preview":"max-image-preview:large","max-video-preview":"max-video-preview:-1"},"canonical":"https:\/\/www.trigon.at\/en\/success-stories\/","og_locale":"en_US","og_type":"article","og_title":"Trigon Success Stories \u2013 Change That Works","og_description":"Real-life cases from coaching, leadership & transformation: how Trigon supports people and organizations through change.","og_url":"https:\/\/www.trigon.at\/en\/success-stories\/","og_site_name":"Trigon","article_modified_time":"2025-05-22T15:15:27+00:00","twitter_card":"summary_large_image","schema":{"@context":"https:\/\/schema.org","@graph":[{"@type":"WebPage","@id":"https:\/\/www.trigon.at\/en\/success-stories\/","url":"https:\/\/www.trigon.at\/en\/success-stories\/","name":"Trigon Success Stories \u2013 Change That Works","isPartOf":{"@id":"https:\/\/www.trigon.at\/#website"},"datePublished":"2025-02-13T15:33:08+00:00","dateModified":"2025-05-22T15:15:27+00:00","description":"Real-life cases from coaching, leadership & transformation: how Trigon supports people and organizations through change.","breadcrumb":{"@id":"https:\/\/www.trigon.at\/en\/success-stories\/#breadcrumb"},"inLanguage":"en-US","potentialAction":[{"@type":"ReadAction","target":["https:\/\/www.trigon.at\/en\/success-stories\/"]}]},{"@type":"BreadcrumbList","@id":"https:\/\/www.trigon.at\/en\/success-stories\/#breadcrumb","itemListElement":[{"@type":"ListItem","position":1,"name":"Startseite","item":"https:\/\/www.trigon.at\/en\/"},{"@type":"ListItem","position":2,"name":"Success Stories"}]},{"@type":"WebSite","@id":"https:\/\/www.trigon.at\/#website","url":"https:\/\/www.trigon.at\/","name":"Trigon","description":"","potentialAction":[{"@type":"SearchAction","target":{"@type":"EntryPoint","urlTemplate":"https:\/\/www.trigon.at\/?s={search_term_string}"},"query-input":{"@type":"PropertyValueSpecification","valueRequired":true,"valueName":"search_term_string"}}],"inLanguage":"en-US"}]}},"_links":{"self":[{"href":"https:\/\/www.trigon.at\/en\/wp-json\/wp\/v2\/pages\/2890","targetHints":{"allow":["GET"]}}],"collection":[{"href":"https:\/\/www.trigon.at\/en\/wp-json\/wp\/v2\/pages"}],"about":[{"href":"https:\/\/www.trigon.at\/en\/wp-json\/wp\/v2\/types\/page"}],"author":[{"embeddable":true,"href":"https:\/\/www.trigon.at\/en\/wp-json\/wp\/v2\/users\/1"}],"replies":[{"embeddable":true,"href":"https:\/\/www.trigon.at\/en\/wp-json\/wp\/v2\/comments?post=2890"}],"version-history":[{"count":5,"href":"https:\/\/www.trigon.at\/en\/wp-json\/wp\/v2\/pages\/2890\/revisions"}],"predecessor-version":[{"id":5383,"href":"https:\/\/www.trigon.at\/en\/wp-json\/wp\/v2\/pages\/2890\/revisions\/5383"}],"wp:attachment":[{"href":"https:\/\/www.trigon.at\/en\/wp-json\/wp\/v2\/media?parent=2890"}],"curies":[{"name":"wp","href":"https:\/\/api.w.org\/{rel}","templated":true}]}}