{"id":2952,"date":"2025-05-14T15:21:29","date_gmt":"2025-05-14T13:21:29","guid":{"rendered":"http:\/\/dev.trigon.at.w020246e.kasserver.com\/agb-academy\/"},"modified":"2025-05-21T14:19:07","modified_gmt":"2025-05-21T12:19:07","slug":"terms","status":"publish","type":"page","link":"https:\/\/www.trigon.at\/en\/terms\/","title":{"rendered":"AGB Academy"},"content":{"rendered":"    <div id=\"textbildheader-block_27845cb211e46d16f00b813192b28015\" class=\"content-row content-row-textbildheader trans  textbildheader \">\n        <div class=\"content-row-inner\">\n            <div class=\"content-row-inner-center-full\">\n\n                <div class=\"innerpadding-30\">\n                    <div class=\"text-part\">\n                        <div class=\"tagline\">\n                         <span class=\"tagItem\">AGB Academy<\/span>\n                        <\/div>\n                                            <h1 class=\"mainHL animateText\">Terms<\/h1>\n                                                                <div class=\"teasertext\">General Terms and Conditions (GTC) for Trigon Academy events \u2013 available in German only<\/div>\n                    \n                                        <\/div>\n                    <div class=\"image-part\">\n                                                    <img decoding=\"async\" src=\"https:\/\/www.trigon.at\/wp-content\/uploads\/2025\/05\/7623-by-Sebastian-Philipp-BSP@2x.png\" alt=\"\" class=\"img\">\n                                                <img decoding=\"async\" src=\"https:\/\/www.trigon.at\/wp-content\/themes\/trigon\/project\/img\/headerimagmask.svg\" alt=\"\" class=\"img-headerimagmask\">\n                    <\/div>\n                <\/div>\n                <div class=\"deviderbox\">\n                    <img decoding=\"async\" src=\"https:\/\/www.trigon.at\/wp-content\/themes\/trigon\/project\/img\/icon-devider.png\" alt=\"\" class=\"img-devider\">\n                <\/div>\n            <\/div>\n        <\/div>\n    <\/div>\n\n\n\n    <div id=\"spacer-block_8ae022d62236e9f5b076e7da6f6cc461\" class=\"content-row content-row-spacer  spacer \">\n        <div class=\"content-row-inner\">\n            <div class=\"content-row-inner-wrapper\">\n<div class=\"spacerInfo\"  style=\"height:20px;\" ><\/div>\n            <\/div>\n        <\/div>\n    <\/div>\n\n\n    <div id=\"standardtext-block_50ea22ef299e7bb0d0d87d0d4b76b47d\" class=\"content-row content-row-standardtext   standardtext \">\n        <div class=\"content-row-inner\">\n            <div class=\"content-row-inner-wrapper\">\n                <div class=\"content-row-inner-center-standard\">\n                                        <div class=\"standardtextbox standardtextbox-1 trans\">\n                                                    <div class=\"teasertext text-input\"><p>Die nachstehenden AGBs gelten f\u00fcr Veranstaltungen (Seminare, Lehrg\u00e4nge, Specials, &#8230;) der Trigon Academy von folgenden Veranstalterinnen<\/p>\n<ul>\n<li>Trigon Entwicklungsberatung f\u00fcr Mensch und Organisation registrierte Genossenschaft mit beschr\u00e4nkter Haftung \u2013 Graz (AT)<\/li>\n<li>Trigon Entwicklungsberatung f\u00fcr Mensch und Organisation reg.Gen.m.b.H., 8020 Graz (AT)<\/li>\n<li>Trigon Entwicklungsberatung Marktwirksame Unternehmensentwicklung GmbH \u2013 Klagenfurt (AT)<\/li>\n<li>Trigon Entwicklungsberatung Syntaktisch-hypnosystemische Beratung von Mensch, Organisation und Gesellschaft GmbH \u2013 Luzern (CH)<\/li>\n<li>Trigon Entwicklungsberatung Unternehmensentwicklung und Konfliktmanagement GmbH \u2013 M\u00fcnchen (DE)<\/li>\n<li>Trigon Entwicklungsberatung f\u00fcr Mensch, Wirtschaft und Gesellschaft eGen \u2013 Salzburg (AT)<\/li>\n<li>Trigon Entwicklungsberatung Unternehmensberatung GmbH \u2013 Wien (AT)<\/li>\n<\/ul>\n<p>Im Folgenden Trigon-Veranstalterin genannt. Bei Ausschreibungen anderer Veranstalter \u00fcber die Trigon Academy gelten deren jeweilige AGBs.<\/p>\n<\/div>\n                        \n                                            <\/div>\n                    <div class=\"standardtextbox standardtextbox-2 trans\">\n                        \n                                            <\/div>\n                <\/div>\n            <\/div>\n        <\/div>\n    <\/div>\n\n\n\n    <div id=\"spacer-block_c560e4a9fbdafce0607eb131f5fbf514\" class=\"content-row content-row-spacer  spacer \">\n        <div class=\"content-row-inner\">\n            <div class=\"content-row-inner-wrapper\">\n<div class=\"spacerInfo\"  style=\"height:80px;\" ><\/div>\n            <\/div>\n        <\/div>\n    <\/div>\n\n\n    <div id=\"accordion-block_e1d4092e83c0fdc082aae81fddc533ed\" class=\"content-row content-row-accordion trans accordion \">\n        <div class=\"content-row-inner\">\n            <div class=\"content-row-inner-wrapper  bg-greylight \">\n                <div class=\"content-row-inner-center-standard\">\n                                            <div class=\"sectionHL\">\n                            <h2 class=\"animateText\">Allgemeine Gesch\u00e4ftsbedingungen (AGB) f\u00fcr die Veranstaltungen der Trigon Academy<\/h2>\n                        <\/div>\n                                        \n                                                                <div class=\"accordionbox\">\n                                                            <div class=\"accordionrow\">\n                                                                            <div class=\"accordionrow-titel fontsize-24 fontweight-medium\">1. Buchung<\/div>\n                                                                                                                                                            <div class=\"accordionrow-text text-input\">\n                                                <p>Nach Eingang des unterschriebenen Buchungsformulars per Post, E-Mail oder Fax oder nach einer verbindlichen Online-Buchung erh\u00e4lt der\/die TeilnehmerIn eine schriftliche Buchungsbest\u00e4tigung (per Post, Fax oder E-Mail), sofern ein freier Teilnehmerplatz zur Verf\u00fcgung steht. Ist dies nicht der Fall, wird der\/die TeilnehmerIn verst\u00e4ndigt. Buchungen werden grunds\u00e4tzlich in der Reihenfolge ihres Einganges ber\u00fccksichtigt. Die Buchung wird mit der Buchungsbest\u00e4tigung durch die jeweilige Trigon-Veranstalterin f\u00fcr beide Seiten verbindlich \u2013 damit erfolgt der Vertragsabschluss.<\/p>\n<p>Bei Veranstaltungen mit einem Teilnahmebetrag \u00fcber EUR 1.000 (exkl. MwSt.) \u2013 bzw. dessen Gegenwert, wenn die Ausschreibung in einer anderen W\u00e4hrung erfolgt \u2013 ist eine Unterschrift erforderlich. Sollte die Buchung der Veranstaltung online erfolgt sein und somit keine Unterschrift vorweisen, sendet die Trigon-Veranstalterin ein E-Mail mit den online angegebenen Daten zur Best\u00e4tigung an den\/die TeilnehmerIn mit der Bitte um Unterschrift und ggf. firmenm\u00e4\u00dfige Fertigung (Firmenstempel und Unterschrift). Die unterzeichnete Best\u00e4tigung muss per Fax, E-Mail oder Post bei der jeweiligen Trigon-Veranstalterin einlangen. Ist dies erfolgt, erh\u00e4lt der\/die TeilnehmerIn eine schriftliche Buchungsbest\u00e4tigung.<\/p>\n<p>Sind f\u00fcr eine Veranstaltung Vorkenntnisse n\u00f6tig, kommt der Vertrag mit Zusendung der Buchungsbest\u00e4tigung unter der aufl\u00f6senden Bedingung zustande, dass die dem\/der TeilnehmerIn im Vorhinein bekannten Vorkenntnisse von der Trigon-Veranstalterin \u00fcberpr\u00fcft und anerkannt werden.<\/p>\n<p>Sollte aus wichtigen Gr\u00fcnden oder bei zu geringem Interesse eine Veranstaltung seitens der Trigon-Veranstalterin verschoben oder abgesagt werden, werden die TeilnehmerInnen umgehend \u2013 sp\u00e4testens 1 Woche vor Veranstaltungsbeginn \u2013 kontaktiert. In diesem Fall ist die<br \/>\nTrigon-Veranstalterin nur zur Erstattung eines bereits gezahlten Teilnehmerbetrages verpflichtet.<\/p>\n<p>Im Falle zwingender Verhinderung des\/der VeranstaltungsleiterInnen hat die Trigon-Veranstalterin das Recht, eine oder mehrere geeignete Ersatzperson(en) als VeranstaltungsleiterIn zu benennen. Dar\u00fcber hinausgehende Anspr\u00fcche des\/der TeilnehmerIn auf Durchf\u00fchrung der Veranstaltung bestehen nicht.<\/p>\n                                                                                            <\/div>\n                                                                            \n\n\n                                <\/div>\n                                                            <div class=\"accordionrow\">\n                                                                            <div class=\"accordionrow-titel fontsize-24 fontweight-medium\">2. Unterkunft<\/div>\n                                                                                                                                                            <div class=\"accordionrow-text text-input\">\n                                                <p>Die Hotelreservierung \u2013 sofern (f\u00fcr die jeweilige Veranstaltung vorgesehen und somit) in der Veranstaltungsausschreibung angeboten \u2013 wird von der Trigon-Veranstalterin an das Veranstaltungshotel weitergeleitet. Sollte der\/die TeilnehmerIn anderweitig \u00fcbernachten, so ist die Trigon-Veranstalterin dar\u00fcber zu informieren und der\/die TeilnehmerIn wird die notwendigen Schritte selbst vornehmen.<\/p>\n                                                                                            <\/div>\n                                                                            \n\n\n                                <\/div>\n                                                            <div class=\"accordionrow\">\n                                                                            <div class=\"accordionrow-titel fontsize-24 fontweight-medium\">3. Rechnungsstellung und Zahlung<\/div>\n                                                                                                                                                            <div class=\"accordionrow-text text-input\">\n                                                <p>Der\/die TeilnehmerIn erh\u00e4lt eine Teil- oder Gesamtrechnung gem\u00e4\u00df der Zahlungsbedingungen der jeweiligen Veranstaltungsausschreibung. Der\/die TeilnehmerIn erkl\u00e4rt sich mit dem elektronischen Rechnungsversand einverstanden. Ein wiederholter Versand einer elektronischen Rechnung erfolgt gem\u00e4\u00df der gesetzlichen Vorgaben nur in Form eines Duplikats. Der Veranstaltungsteilnahmebetrag ist sp\u00e4testens 4 Wochen vor Veranstaltungsbeginn ohne Abzug zur Zahlung f\u00e4llig, bei sp\u00e4terer Anmeldung oder Rechnungsstellung sofort. Der in der jeweiligen Veranstaltungsbeschreibung genannte Teilnahmebetrag umfasst in der Regel auch alle Arbeitsunterlagen. Genaue Einzelheiten sind der jeweiligen Veranstaltungsausschreibung zu entnehmen. Nicht im Veranstaltungspreis enthalten sind die Kosten f\u00fcr \u00dcbernachtung und Verpflegung sowie die Tagespauschale, die der\/die TeilnehmerIn direkt mit dem Hotel verrechnet, sowie die Kosten f\u00fcr die An- und Abreise.<\/p>\n<p>&nbsp;<\/p>\n<p>Trotz der hohen Anspr\u00fcche, die die Trigon-Veranstalterin an die Qualifikation der ReferentInnen stellt, kann f\u00fcr die dargebrachten Inhalte und Methoden keine Haftung \u00fcbernommen werden; es ist daher auch eine R\u00fcckzahlung oder Gutschrift der gesamten oder von Teilen des Teilnahmebetrages aus diesem Grund ausgeschlossen.<\/p>\n                                                                                            <\/div>\n                                                                            \n\n\n                                <\/div>\n                                                            <div class=\"accordionrow\">\n                                                                            <div class=\"accordionrow-titel fontsize-24 fontweight-medium\">4. Stornierung der Buchung<\/div>\n                                                                                                                                                            <div class=\"accordionrow-text text-input\">\n                                                <p>Stornierungen werden von der Trigon-Veranstalterin grunds\u00e4tzlich nur schriftlich (Brief, Fax, E-Mail) entgegen genommen. Bei Stornierungen \u2013 sofern in der Veranstaltungsausschreibung nicht anders angegeben \u2013 bis 4 Wochen vor Beginn der Veranstaltung ist die Trigon-Veranstalterin berechtigt, f\u00fcr die im Rahmen der Bearbeitung der Buchung entstandenen Kosten, eine Bearbeitungsgeb\u00fchr entsprechend der jeweiligen Veranstaltungsausschreibung zu verlangen. Eventuell bereits erhaltene Arbeitsmaterialien und\/oder Software sind in diesem Fall an die Trigon-Veranstalterin zur\u00fcck zu geben.<\/p>\n<p>&nbsp;<\/p>\n<p>Bei Stornierungen \u2013 sofern in der Veranstaltungsausschreibung nicht anders angegeben \u2013 ab vier Wochen vor Beginn der Veranstaltung werden 100% des Teilnahmebetrages f\u00e4llig. Der\/die TeilnehmerIn hat das Recht, eine andere, f\u00fcr die Teilnahme an der Veranstaltung geeignete Person zu benennen. In diesem Fall ist die Erteilung einer Best\u00e4tigung f\u00fcr den\/die ErsatzteilnehmerIn seitens der Trigon-Veranstalterin erforderlich. Diese kann nur aus wichtigem Grund verweigert werden.<\/p>\n                                                                                            <\/div>\n                                                                            \n\n\n                                <\/div>\n                                                            <div class=\"accordionrow\">\n                                                                            <div class=\"accordionrow-titel fontsize-24 fontweight-medium\">5. R\u00fccktrittsrecht f\u00fcr Verbraucher:innen<\/div>\n                                                                                                                                                            <div class=\"accordionrow-text text-input\">\n                                                <p>Kommt der Vertrag mit Hilfe eines Fernkommunikationsmittels zustande, steht dem\/der TeilnehmerIn, soweit er\/sie Verbraucher im Sinne des Konsumentenschutzgesetzes ist (d.h. er\/sie handelt beim Vertragsabschluss zu Zwecken, die nicht seiner\/ihrer beruflichen oder gewerblichen T\u00e4tigkeit zugerechnet werden k\u00f6nnen) ein gesetzliches R\u00fccktrittsrecht im Sinne der EU-Verbraucherrechte-Richtlinie 2011\/83\/EU zu. Die R\u00fccktrittsfrist gilt als gewahrt, wenn die R\u00fccktrittserkl\u00e4rung innerhalb der Frist abgesendet wird. Der\/die TeilnehmerIn hat das Recht, binnen 14 Tagen ab Vertragsabschluss ohne Angabe von Gr\u00fcnden den Vertrag zu widerrufen. Samstage, Sonn- und Feiertage z\u00e4hlen mit. Dies gilt nicht f\u00fcr Veranstaltungen, die bereits innerhalb dieser 14 Kalendertage ab dem Vertragsabschluss beginnen.<\/p>\n<p>&nbsp;<\/p>\n<p>Um das R\u00fccktrittsrecht auszu\u00fcben, muss der\/die TeilnehmerIn mittels eindeutiger Erkl\u00e4rung \u00fcber seinen\/ihren Entschluss, den Vertrag zu widerrufen, die Trigon-Veranstalterin informieren. Daf\u00fcr kann das Widerrufsformular verwendet werden. Dies ist jedoch nicht vorgeschrieben. Die (schriftliche) R\u00fccktrittserkl\u00e4rung ist an die jeweilige Trigon-Veranstalterin zu richten.<\/p>\n<p>&nbsp;<\/p>\n<p>Wenn der Vertrag widerrufen wird, zahlt die Trigon-Veranstalterin alle von dem\/der TeilnehmerIn erhaltenen Zahlungen unverz\u00fcglich und sp\u00e4testens binnen 14 Tagen ab dem Tag zur\u00fcck, an dem die Mitteilung \u00fcber den Widerruf des Vertrages bei der Trigon-Veranstalterin eingegangen ist. F\u00fcr die R\u00fcckzahlung wird dasselbe Zahlungsmittel verwendet, dass der\/die TeilnehmerIn bei der urspr\u00fcnglichen Transaktion eingesetzt hat, es sei denn, es wurde ausdr\u00fccklich etwas anderes vereinbart; in keinem Fall werden wegen dieser R\u00fcckzahlung Entgelte berechnet.<\/p>\n<p>&nbsp;<\/p>\n<p>Hat der\/die TeilnehmerIn verlangt, dass die Dienstleistung w\u00e4hrend der Widerrufsfrist beginnen soll, so hat er\/sie der Trigon-Veranstalterin einen angemessenen Betrag zu bezahlen, der dem Anteil der bis zu dem Zeitpunkt er\/sie die Trigon-Veranstalterin unterrichtet, bereits erbrachten Dienstleistungen im Vergleich zum Gesamtumfang der im Vertrag vorgesehenen Dienstleistungen entspricht.<\/p>\n                                                                                            <\/div>\n                                                                            \n\n\n                                <\/div>\n                                                            <div class=\"accordionrow\">\n                                                                            <div class=\"accordionrow-titel fontsize-24 fontweight-medium\">6. Veranstaltungsabsage seitens der Trigon-Veranstalterin<\/div>\n                                                                                                                                                            <div class=\"accordionrow-text text-input\">\n                                                <p>Zur effizienten Durchf\u00fchrung der Veranstaltung und zur Einhaltung eines hohen Qualit\u00e4tsstandards ist die Zahl der TeilnehmerInnen begrenzt.<\/p>\n<p>&nbsp;<\/p>\n<p>Dar\u00fcber hinaus weist die Trigon-Veranstalterin darauf hin, dass veranstaltungsabh\u00e4ngig \u2013 im Einzelfall \u2013 die Durchf\u00fchrung der Veranstaltung von dem Erreichen einer Mindestteilnehmendenzahl zu einem bestimmten Stichtag \u2013 sp\u00e4testens 1 Woche vor Veranstaltungsbeginn \u2013 abh\u00e4ngig ist.<\/p>\n                                                                                            <\/div>\n                                                                            \n\n\n                                <\/div>\n                                                            <div class=\"accordionrow\">\n                                                                            <div class=\"accordionrow-titel fontsize-24 fontweight-medium\">7. Veranstaltungsunterlagen<\/div>\n                                                                                                                                                            <div class=\"accordionrow-text text-input\">\n                                                <p>Soweit im Rahmen der Veranstaltung Arbeitsmaterialien und\/oder Software ausgeh\u00e4ndigt werden, sind diese urheberrechtlich gesch\u00fctzt. Die dadurch begr\u00fcndeten Rechte, insbesondere des Nachdrucks und der Vervielf\u00e4ltigung, der Wiedergabe auf fotomechanischem oder \u00e4hnlichem Wege sowie der Speicherung in Datenverarbeitungsanlagen bleiben, auch bei nur auszugsweiser Verwertung, der jeweiligen Trigon-Veranstalterin vorbehalten.<\/p>\n                                                                                            <\/div>\n                                                                            \n\n\n                                <\/div>\n                                                            <div class=\"accordionrow\">\n                                                                            <div class=\"accordionrow-titel fontsize-24 fontweight-medium\">8. Sonstiges<\/div>\n                                                                                                                                                            <div class=\"accordionrow-text text-input\">\n                                                <p>Der\/die TeilnehmerIn ist damit einverstanden, dass seine\/ihre Daten von der Trigon-Veranstalterin elektronisch gespeichert werden und er\/sie per Post, Fax oder E-Mail \u00fcber weitere Veranstaltungen von Trigon Entwicklungsberatung informiert wird. Der\/die TeilnehmerIn kann diese Zustimmung jederzeit widerrufen.<\/p>\n                                                                                            <\/div>\n                                                                            \n\n\n                                <\/div>\n                                                            <div class=\"accordionrow\">\n                                                                            <div class=\"accordionrow-titel fontsize-24 fontweight-medium\">9. Erf\u00fcllungsort\/Gerichtsstand<\/div>\n                                                                                                                                                            <div class=\"accordionrow-text text-input\">\n                                                <p>Erf\u00fcllungsort f\u00fcr Zahlungen und ausschlie\u00dflicher Gerichtsstand ist der Sitz der jeweiligen Trigon-Veranstalterin.<\/p>\n                                                                                            <\/div>\n                                                                            \n\n\n                                <\/div>\n                                                            <div class=\"accordionrow\">\n                                                                            <div class=\"accordionrow-titel fontsize-24 fontweight-medium\">10. AGB-Download &#038; Widerrufsformular<\/div>\n                                                                                                                <div class=\"accordionrow-text  text-input\">\n                                            <div class=\"textbox1\"><p><a href=\"\/wp-content\/uploads\/2025\/05\/AGB-Trigon-Academy-2021.01.08-1.pdf\">AGB f\u00fcr die Veranstaltungen in PDF<\/a><\/p>\n<\/div>\n                                            <div class=\"textbox2\"><p><a href=\"\/wp-content\/uploads\/2025\/05\/Widerrufsformular-Verbraucher-2023.04.03-web.pdf\">Widerrufsformular als PDF<\/a><\/p>\n<\/div>\n                                                                                    <\/div>\n                                    \n\n\n                                <\/div>\n                                                    <\/div>\n                                    <\/div>\n            <\/div>\n        <\/div>\n    <\/div>\n","protected":false},"excerpt":{"rendered":"","protected":false},"author":1,"featured_media":0,"parent":0,"menu_order":0,"comment_status":"closed","ping_status":"closed","template":"","meta":{"_acf_changed":false,"footnotes":""},"class_list":["post-2952","page","type-page","status-publish","hentry"],"acf":[],"yoast_head":"<!-- This site is optimized with the Yoast SEO plugin v27.2 - https:\/\/yoast.com\/product\/yoast-seo-wordpress\/ -->\n<title>AGB Academy - Trigon<\/title>\n<meta name=\"robots\" content=\"index, follow, max-snippet:-1, max-image-preview:large, max-video-preview:-1\" \/>\n<link rel=\"canonical\" href=\"https:\/\/www.trigon.at\/en\/terms\/\" \/>\n<meta property=\"og:locale\" content=\"en_US\" \/>\n<meta property=\"og:type\" content=\"article\" \/>\n<meta property=\"og:title\" content=\"AGB Academy - Trigon\" \/>\n<meta property=\"og:url\" content=\"https:\/\/www.trigon.at\/en\/terms\/\" \/>\n<meta property=\"og:site_name\" content=\"Trigon\" \/>\n<meta property=\"article:modified_time\" content=\"2025-05-21T12:19:07+00:00\" \/>\n<meta name=\"twitter:card\" content=\"summary_large_image\" \/>\n<script type=\"application\/ld+json\" class=\"yoast-schema-graph\">{\"@context\":\"https:\/\/schema.org\",\"@graph\":[{\"@type\":\"WebPage\",\"@id\":\"https:\/\/www.trigon.at\/en\/terms\/\",\"url\":\"https:\/\/www.trigon.at\/en\/terms\/\",\"name\":\"AGB Academy - Trigon\",\"isPartOf\":{\"@id\":\"https:\/\/www.trigon.at\/#website\"},\"datePublished\":\"2025-05-14T13:21:29+00:00\",\"dateModified\":\"2025-05-21T12:19:07+00:00\",\"breadcrumb\":{\"@id\":\"https:\/\/www.trigon.at\/en\/terms\/#breadcrumb\"},\"inLanguage\":\"en-US\",\"potentialAction\":[{\"@type\":\"ReadAction\",\"target\":[\"https:\/\/www.trigon.at\/en\/terms\/\"]}]},{\"@type\":\"BreadcrumbList\",\"@id\":\"https:\/\/www.trigon.at\/en\/terms\/#breadcrumb\",\"itemListElement\":[{\"@type\":\"ListItem\",\"position\":1,\"name\":\"Startseite\",\"item\":\"https:\/\/www.trigon.at\/en\/\"},{\"@type\":\"ListItem\",\"position\":2,\"name\":\"AGB Academy\"}]},{\"@type\":\"WebSite\",\"@id\":\"https:\/\/www.trigon.at\/#website\",\"url\":\"https:\/\/www.trigon.at\/\",\"name\":\"Trigon\",\"description\":\"\",\"potentialAction\":[{\"@type\":\"SearchAction\",\"target\":{\"@type\":\"EntryPoint\",\"urlTemplate\":\"https:\/\/www.trigon.at\/?s={search_term_string}\"},\"query-input\":{\"@type\":\"PropertyValueSpecification\",\"valueRequired\":true,\"valueName\":\"search_term_string\"}}],\"inLanguage\":\"en-US\"}]}<\/script>\n<!-- \/ Yoast SEO plugin. -->","yoast_head_json":{"title":"AGB Academy - Trigon","robots":{"index":"index","follow":"follow","max-snippet":"max-snippet:-1","max-image-preview":"max-image-preview:large","max-video-preview":"max-video-preview:-1"},"canonical":"https:\/\/www.trigon.at\/en\/terms\/","og_locale":"en_US","og_type":"article","og_title":"AGB Academy - Trigon","og_url":"https:\/\/www.trigon.at\/en\/terms\/","og_site_name":"Trigon","article_modified_time":"2025-05-21T12:19:07+00:00","twitter_card":"summary_large_image","schema":{"@context":"https:\/\/schema.org","@graph":[{"@type":"WebPage","@id":"https:\/\/www.trigon.at\/en\/terms\/","url":"https:\/\/www.trigon.at\/en\/terms\/","name":"AGB Academy - Trigon","isPartOf":{"@id":"https:\/\/www.trigon.at\/#website"},"datePublished":"2025-05-14T13:21:29+00:00","dateModified":"2025-05-21T12:19:07+00:00","breadcrumb":{"@id":"https:\/\/www.trigon.at\/en\/terms\/#breadcrumb"},"inLanguage":"en-US","potentialAction":[{"@type":"ReadAction","target":["https:\/\/www.trigon.at\/en\/terms\/"]}]},{"@type":"BreadcrumbList","@id":"https:\/\/www.trigon.at\/en\/terms\/#breadcrumb","itemListElement":[{"@type":"ListItem","position":1,"name":"Startseite","item":"https:\/\/www.trigon.at\/en\/"},{"@type":"ListItem","position":2,"name":"AGB Academy"}]},{"@type":"WebSite","@id":"https:\/\/www.trigon.at\/#website","url":"https:\/\/www.trigon.at\/","name":"Trigon","description":"","potentialAction":[{"@type":"SearchAction","target":{"@type":"EntryPoint","urlTemplate":"https:\/\/www.trigon.at\/?s={search_term_string}"},"query-input":{"@type":"PropertyValueSpecification","valueRequired":true,"valueName":"search_term_string"}}],"inLanguage":"en-US"}]}},"_links":{"self":[{"href":"https:\/\/www.trigon.at\/en\/wp-json\/wp\/v2\/pages\/2952","targetHints":{"allow":["GET"]}}],"collection":[{"href":"https:\/\/www.trigon.at\/en\/wp-json\/wp\/v2\/pages"}],"about":[{"href":"https:\/\/www.trigon.at\/en\/wp-json\/wp\/v2\/types\/page"}],"author":[{"embeddable":true,"href":"https:\/\/www.trigon.at\/en\/wp-json\/wp\/v2\/users\/1"}],"replies":[{"embeddable":true,"href":"https:\/\/www.trigon.at\/en\/wp-json\/wp\/v2\/comments?post=2952"}],"version-history":[{"count":2,"href":"https:\/\/www.trigon.at\/en\/wp-json\/wp\/v2\/pages\/2952\/revisions"}],"predecessor-version":[{"id":4870,"href":"https:\/\/www.trigon.at\/en\/wp-json\/wp\/v2\/pages\/2952\/revisions\/4870"}],"wp:attachment":[{"href":"https:\/\/www.trigon.at\/en\/wp-json\/wp\/v2\/media?parent=2952"}],"curies":[{"name":"wp","href":"https:\/\/api.w.org\/{rel}","templated":true}]}}